{"id":65967,"date":"2021-06-25T19:38:11","date_gmt":"2021-06-25T17:38:11","guid":{"rendered":"http:\/\/www.octopusmarketing.fr\/?page_id=65967"},"modified":"2024-01-23T18:37:01","modified_gmt":"2024-01-23T17:37:01","slug":"references","status":"publish","type":"page","link":"https:\/\/www.octopusmarketing.fr\/en\/references\/","title":{"rendered":"Multi Octopus Marketing V2 reference"},"content":{"rendered":"<p>[vc_row row_height_percent=&#8221;0&#8243; overlay_alpha=&#8221;50&#8243; gutter_size=&#8221;3&#8243; desktop_visibility=&#8221;yes&#8221; shift_y=&#8221;0&#8243;][vc_column width=&#8221;1\/1&#8243;][vc_empty_space empty_h=&#8221;1&#8243;][\/vc_column][\/vc_row][vc_row row_height_percent=&#8221;0&#8243; override_padding=&#8221;yes&#8221; h_padding=&#8221;2&#8243; top_padding=&#8221;4&#8243; bottom_padding=&#8221;2&#8243; back_color=&#8221;color-xsdn&#8221; overlay_alpha=&#8221;50&#8243; gutter_size=&#8221;3&#8243; shift_y=&#8221;0&#8243; row_name=&#8221;The Agency&#8221;][vc_column column_width_use_pixel=&#8221;yes&#8221; align_horizontal=&#8221;align_center&#8221; style=&#8221;light&#8221; overlay_alpha=&#8221;50&#8243; gutter_size=&#8221;3&#8243; medium_width=&#8221;0&#8243; mobile_width=&#8221;0&#8243; shift_x=&#8221;0&#8243; shift_y=&#8221;0&#8243; z_index=&#8221;0&#8243; zoom_width=&#8221;0&#8243; zoom_height=&#8221;0&#8243; width=&#8221;1\/1&#8243;][vc_custom_heading heading_semantic=&#8221;h1&#8243; text_size=&#8221;fontsize-155944&#8243; separator=&#8221;yes&#8221; sub_lead=&#8221;yes&#8221;]Our customers talk about us[\/vc_custom_heading][\/vc_column][\/vc_row][vc_row row_height_percent=&#8221;0&#8243; override_padding=&#8221;yes&#8221; h_padding=&#8221;2&#8243; top_padding=&#8221;4&#8243; bottom_padding=&#8221;2&#8243; back_color=&#8221;color-xsdn&#8221; overlay_alpha=&#8221;50&#8243; gutter_size=&#8221;3&#8243; shift_y=&#8221;0&#8243; row_name=&#8221;The Agency&#8221;][vc_column column_width_use_pixel=&#8221;yes&#8221; align_horizontal=&#8221;align_center&#8221; style=&#8221;light&#8221; overlay_alpha=&#8221;50&#8243; gutter_size=&#8221;3&#8243; medium_width=&#8221;0&#8243; mobile_width=&#8221;0&#8243; shift_x=&#8221;0&#8243; shift_y=&#8221;0&#8243; z_index=&#8221;0&#8243; zoom_width=&#8221;0&#8243; zoom_height=&#8221;0&#8243; width=&#8221;1\/1&#8243;][uncode_slider slider_interval=&#8221;10000&#8243; slider_navspeed=&#8221;200&#8243; slider_loop=&#8221;yes&#8221;][vc_row_inner][vc_column_inner width=&#8221;1\/1&#8243;][vc_column_text]<\/p>\n<blockquote><p>J\u2019ai vraiment appr\u00e9ci\u00e9 votre accompagnement et votre regard sur mon projet, comprenant \u00e9galement des conseils judicieux et op\u00e9rationnels! Merci encore!<\/p><\/blockquote>\n<p>Nad\u00e8ge B.[\/vc_column_text][\/vc_column_inner][\/vc_row_inner][vc_row_inner][vc_column_inner width=&#8221;1\/1&#8243;][vc_column_text]<\/p>\n<blockquote><p>Je peux t\u00e9moigner de la qualit\u00e9 du travail de r\u00e9flexion sur le positionnement marketing avec Caecilia !<br \/>\nC&#8217;est ainsi que j&#8217;ai remodel\u00e9 compl\u00e8tement mon site web il y a quelques ann\u00e9es, et maintenant, je n&#8217;ai qu&#8217;\u00e0 l&#8217;ajuster \ud83d\ude09<br \/>\nCurieux de voir un r\u00e9sultat de cette collaboration ? <a class=\"app-aware-link \" href=\"http:\/\/an-dante.fr\/\" target=\"_self\" rel=\"noopener\" data-test-app-aware-link=\"\">an-dante.fr<\/a><\/p><\/blockquote>\n<p>Agn\u00e8s G.[\/vc_column_text][\/vc_column_inner][\/vc_row_inner][vc_row_inner][vc_column_inner width=&#8221;1\/1&#8243;][vc_column_text]<\/p>\n<blockquote><p>Depuis 2 ans, j&#8217;ai eu l&#8217;opportunit\u00e9 de recommander Caecilia sur des projets d&#8217;entreprises en d\u00e9veloppement : professionnelle et exp\u00e9riment\u00e9e, elle r\u00e9ussit \u00e0 faire du marketing, une arme op\u00e9rationnelle essentielle pour le dirigeant.<br \/>\nJ&#8217;en vois aujourd&#8217;hui les retours de la part de ces m\u00eames clients, dont les projets se concr\u00e9tisent en CA mais aussi et surtout en marge et en r\u00e9sultat. Bravo Caecilia, belle efficacit\u00e9 !<\/p><\/blockquote>\n<p>Etienne L.[\/vc_column_text][\/vc_column_inner][\/vc_row_inner][vc_row_inner][vc_column_inner width=&#8221;1\/1&#8243;][vc_column_text]<\/p>\n<blockquote><p>J&#8217;ai fait appel a Octopus pour m&#8217;accompagner sur les aspects marketing, dans le cadre de la structuration de mon offre et la refonte de mon site Internet.<\/p>\n<p>Octopus Marketing\u00a0a \u00e9t\u00e9 pour moi pendant cette p\u00e9riode un v\u00e9ritable co-pilote de mon entreprise. Elle a rapidement compris mon \u00e9tat d&#8217;esprit, mon besoin et ce \u00e0 quoi je voulais arriver.<\/p>\n<p>Gr\u00e2ce \u00e0 son exp\u00e9rience, sa capacit\u00e9 de\u00a0 recul et d&#8217;analyse et son professionnalisme, j&#8217;ai pu me reposer int\u00e9gralement sur elle pour le pilotage du projet de refonte. Le r\u00e9sultat correspond parfaitement \u00e0 mes attentes.\u00a0C&#8217;est une partenaire qui m&#8217;est d\u00e9sormais indispensable pour la suite du d\u00e9veloppement de mon entreprise.<\/p><\/blockquote>\n<p>Marie-Line G.[\/vc_column_text][\/vc_column_inner][\/vc_row_inner][vc_row_inner][vc_column_inner column_width_percent=&#8221;100&#8243; gutter_size=&#8221;3&#8243; overlay_alpha=&#8221;50&#8243; medium_width=&#8221;0&#8243; mobile_width=&#8221;0&#8243; shift_x=&#8221;0&#8243; shift_y=&#8221;0&#8243; z_index=&#8221;0&#8243; width=&#8221;1\/1&#8243;][vc_column_text]<\/p>\n<blockquote>\n<p style=\"text-align: left;\">Caecilia Finck-Dijoux, fondatrice d&#8217;Octopus Marketing, nous a propos\u00e9\u00a0pour <a href=\"http:\/\/www.parisbusinessup.com\">Paris Business Up<\/a> une formation sur les outils et bonnes pratiques en terme de marketing digital.<br \/>\nMerci pour cette formation enrichissante et &#8220;cl\u00e9 en main&#8221;, que chacun peut adapter \u00e0 son activit\u00e9 professionnelle.<\/p>\n<\/blockquote>\n<p>Ugo M.[\/vc_column_text][\/vc_column_inner][\/vc_row_inner][\/uncode_slider][\/vc_column][\/vc_row][vc_row][vc_column width=&#8221;1\/1&#8243;][vc_custom_heading]They trust us[\/vc_custom_heading][vc_gallery el_id=&#8221;gallery-197080&#8243; type=&#8221;carousel&#8221; medias=&#8221;66120,66119,66113,66117,66144,66116,66115,66118,66114,66128,65986,66149,65989,66152,66147,66151,66150,66148&#8243; carousel_lg=&#8221;6&#8243; carousel_md=&#8221;4&#8243; carousel_sm=&#8221;2&#8243; gutter_size=&#8221;3&#8243; media_items=&#8221;title,icon,media|nolink|poster,description&#8221; carousel_height=&#8221;equal&#8221; carousel_interval=&#8221;3000&#8243; carousel_navspeed=&#8221;200&#8243; carousel_loop=&#8221;yes&#8221; carousel_nav=&#8221;yes&#8221; carousel_nav_mobile=&#8221;yes&#8221; stage_padding=&#8221;0&#8243; single_text=&#8221;under&#8221; single_overlay_opacity=&#8221;50&#8243; single_text_anim_type=&#8221;btt&#8221; single_h_align=&#8221;center&#8221; single_v_position=&#8221;top&#8221; single_padding=&#8221;2&#8243; single_title_dimension=&#8221;h2&#8243; lbox_title=&#8221;yes&#8221;][\/vc_column][\/vc_row][vc_row row_height_percent=&#8221;0&#8243; overlay_alpha=&#8221;50&#8243; gutter_size=&#8221;3&#8243; desktop_visibility=&#8221;yes&#8221; shift_y=&#8221;0&#8243;][vc_column width=&#8221;1\/1&#8243;][vc_empty_space empty_h=&#8221;1&#8243;][\/vc_column][\/vc_row]<\/p>","protected":false},"excerpt":{"rendered":"<p>Octopus Marketing provides strategic and operational marketing consulting services to accelerate the business growth of their customers. Octopus Marketing consultants approach their projects with a pragmatic and collaborative mindset to develop result-oriented marketing programs and campaigns.<br \/>\nThe Octopus Marketing Agile methodology is built on over 20 years of expertise acquired on marketing projects in highly competitive and innovative industries.<br \/>\nThe Octopus Marketing competencies range from lead generation programs, customer loyalty programs, new markets development, process optimisation, marketing organisation, marketing automation and digital transformation.<\/p>\n","protected":false},"author":1,"featured_media":56401,"parent":0,"menu_order":0,"comment_status":"closed","ping_status":"closed","template":"","meta":{"content-type":"","footnotes":""},"aioseo_notices":[],"_links":{"self":[{"href":"https:\/\/www.octopusmarketing.fr\/en\/wp-json\/wp\/v2\/pages\/65967"}],"collection":[{"href":"https:\/\/www.octopusmarketing.fr\/en\/wp-json\/wp\/v2\/pages"}],"about":[{"href":"https:\/\/www.octopusmarketing.fr\/en\/wp-json\/wp\/v2\/types\/page"}],"author":[{"embeddable":true,"href":"https:\/\/www.octopusmarketing.fr\/en\/wp-json\/wp\/v2\/users\/1"}],"replies":[{"embeddable":true,"href":"https:\/\/www.octopusmarketing.fr\/en\/wp-json\/wp\/v2\/comments?post=65967"}],"version-history":[{"count":62,"href":"https:\/\/www.octopusmarketing.fr\/en\/wp-json\/wp\/v2\/pages\/65967\/revisions"}],"predecessor-version":[{"id":66353,"href":"https:\/\/www.octopusmarketing.fr\/en\/wp-json\/wp\/v2\/pages\/65967\/revisions\/66353"}],"wp:featuredmedia":[{"embeddable":true,"href":"https:\/\/www.octopusmarketing.fr\/en\/wp-json\/wp\/v2\/media\/56401"}],"wp:attachment":[{"href":"https:\/\/www.octopusmarketing.fr\/en\/wp-json\/wp\/v2\/media?parent=65967"}],"curies":[{"name":"wp","href":"https:\/\/api.w.org\/{rel}","templated":true}]}}