{"id":65891,"date":"2020-11-05T17:41:29","date_gmt":"2020-11-05T16:41:29","guid":{"rendered":"http:\/\/www.octopusmarketing.fr\/?page_id=65891"},"modified":"2023-01-02T19:24:28","modified_gmt":"2023-01-02T18:24:28","slug":"audit","status":"publish","type":"page","link":"https:\/\/www.octopusmarketing.fr\/en\/audit\/","title":{"rendered":"Multi Octopus Marketing V2 Audit"},"content":{"rendered":"<p>[vc_row row_height_percent=&#8221;0&#8243; override_padding=&#8221;yes&#8221; h_padding=&#8221;2&#8243; top_padding=&#8221;4&#8243; bottom_padding=&#8221;3&#8243; overlay_alpha=&#8221;100&#8243; gutter_size=&#8221;100&#8243; shift_y=&#8221;0&#8243; style=&#8221;inherited&#8221;][vc_column column_width_use_pixel=&#8221;yes&#8221; align_horizontal=&#8221;align_center&#8221; overlay_alpha=&#8221;50&#8243; gutter_size=&#8221;3&#8243; medium_width=&#8221;0&#8243; mobile_width=&#8221;0&#8243; shift_x=&#8221;0&#8243; shift_y=&#8221;0&#8243; z_index=&#8221;0&#8243; zoom_width=&#8221;0&#8243; zoom_height=&#8221;0&#8243; width=&#8221;1\/1&#8243; column_width_pixel=&#8221;800&#8243;][vc_custom_heading heading_semantic=&#8221;h1&#8243; text_size=&#8221;fontsize-155944&#8243;]Marketing Audit[\/vc_custom_heading][vc_column_text]<\/p>\n<h1><span style=\"color: #0083a9;\">Perform your complete marketing diagnosis to increase your impact<\/span><\/h1>\n<p>[\/vc_column_text][\/vc_column][\/vc_row][vc_row row_height_percent=&#8221;0&#8243; override_padding=&#8221;yes&#8221; h_padding=&#8221;2&#8243; top_padding=&#8221;0&#8243; bottom_padding=&#8221;4&#8243; overlay_alpha=&#8221;100&#8243; gutter_size=&#8221;100&#8243; shift_y=&#8221;0&#8243; style=&#8221;inherited&#8221;][vc_column column_width_use_pixel=&#8221;yes&#8221; overlay_alpha=&#8221;50&#8243; gutter_size=&#8221;3&#8243; medium_width=&#8221;0&#8243; mobile_visibility=&#8221;yes&#8221; mobile_width=&#8221;0&#8243; shift_x=&#8221;0&#8243; shift_y=&#8221;0&#8243; z_index=&#8221;0&#8243; zoom_width=&#8221;0&#8243; zoom_height=&#8221;0&#8243; width=&#8221;1\/2&#8243; column_width_pixel=&#8221;800&#8243;][vc_custom_heading heading_semantic=&#8221;h3&#8243; text_size=&#8221;h4&#8243; text_color=&#8221;accent&#8221;]Notre accompagnement collaboratif[\/vc_custom_heading][vc_column_text]<\/p>\n<ul>\n<li><strong>Diagnostic :\u00a0<\/strong>une analyse compl\u00e8te de votre strat\u00e9gie, de vos outils et de vos actions marketing et commerciales, en ligne et\u00a0en direct<\/li>\n<li><strong>Plan d&#8217;action<\/strong>\u00a0: une recommandation pour vous aider \u00e0 revoir votre strat\u00e9gie\u00a0et\u00a0vos priorit\u00e9s marketing<\/li>\n<li><strong>Echanges:\u00a0<\/strong>des\u00a0entretiens avec vous, vos \u00e9quipes, vos clients et partenaires pour\u00a0croiser les perceptions<\/li>\n<li><strong>Livrables<\/strong>\u00a0: un diagnostic argument\u00e9 de votre marketing et de votre communication, avec une proposition de plan d&#8217;action adapt\u00e9e \u00e0 votre contexte<\/li>\n<\/ul>\n<p>[\/vc_column_text][vc_custom_heading heading_semantic=&#8221;h4&#8243; text_size=&#8221;h4&#8243; text_color=&#8221;accent&#8221;]Travailler avec\u00a0Octopus Marketing, c&#8217;est:[\/vc_custom_heading][vc_column_text]<\/p>\n<ul>\n<li><strong>Une exp\u00e9rience de tous types d&#8217;entreprises, en BtoB et en BtoC<\/strong>,\u00a0 (professions lib\u00e9rables, commerce de d\u00e9tail, eCommerce, services \u00e0 la personne, b\u00e2timent, architecture, high tech, tourisme)<\/li>\n<li>La recherche d&#8217;actions pragmatiques et actionables pour <strong>optimisation vos ressources<\/strong><\/li>\n<li>Le pilotage de la <strong>cr\u00e9ation et de la refonte de sites web<\/strong> vitrine et eCommerce<\/li>\n<li>Des\u00a0<strong>campagnes\u00a0marketing et communication qui combinent le digital et\u00a0le physique<\/strong><\/li>\n<li>La coordination des prestataires <strong>que\u00a0vous aurez choisis<\/strong><\/li>\n<\/ul>\n<p>[\/vc_column_text][\/vc_column][vc_column column_width_percent=&#8221;100&#8243; position_vertical=&#8221;middle&#8221; align_horizontal=&#8221;align_center&#8221; overlay_alpha=&#8221;50&#8243; gutter_size=&#8221;3&#8243; medium_width=&#8221;0&#8243; mobile_width=&#8221;0&#8243; shift_x=&#8221;0&#8243; shift_y=&#8221;0&#8243; z_index=&#8221;0&#8243; width=&#8221;1\/2&#8243;][vc_custom_heading heading_semantic=&#8221;h3&#8243; text_size=&#8221;h4&#8243; text_color=&#8221;accent&#8221;]Plan you marketing audit now[\/vc_custom_heading][vc_empty_space empty_h=&#8221;2&#8243;][vc_raw_html]JTNDJTIxLS0lMjBzdGF0aWMlMjBidXR0b24lMjBzdGFydCUyMC0tJTNFJTBBJTNDbGluayUyMGhyZWYlM0QlMjJodHRwcyUzQSUyRiUyRm1lZXRpbmdzLnNlbmRpbmJsdWUuY29tJTJGYXNzZXRzJTJGc3R5bGVzJTJGcG9wdXAuY3NzJTIyJTIwcmVsJTNEJTIyc3R5bGVzaGVldCUyMiUyMCUyRiUzRSUwQSUzQ3NjcmlwdCUyMHNyYyUzRCUyMmh0dHBzJTNBJTJGJTJGbWVldGluZ3Muc2VuZGluYmx1ZS5jb20lMkZhc3NldHMlMkZsaWJzJTJGcG9wdXAubWluLmpzJTIyJTIwdHlwZSUzRCUyMnRleHQlMkZqYXZhc2NyaXB0JTIyJTNFJTNDJTJGc2NyaXB0JTNFJTBBJTNDYSUyMGhyZWYlM0QlMjIlMjIlMjBvbmNsaWNrJTNEJTIyU2VuZGluYmx1ZUJvb2tpbmdQYWdlLmluaXRTdGF0aWNCdXR0b24lMjglN0IlMjB1cmwlM0ElMjAlMjdodHRwcyUzQSUyRiUyRm1lZXQuc2VuZGluYmx1ZS5jb20lMkZjYWVjaWxpYS1maW5jay1kaWpvdXglMkZib3JkZXJsZXNzJTNGbCUzRHJldW5pb24tZGUtMzAtbWludXRlcyUyNyUyMCU3RCUyOSUzQnJldHVybiUyMGZhbHNlJTNCJTIyJTIwc3R5bGUlM0QlMjJjdXJzb3IlM0ElMjBwb2ludGVyJTNCJTIwZm9udC1mYW1pbHklM0ElMjBQb3BwaW5zJTNCJTIwZm9udC13ZWlnaHQlM0ElMjA1MDAlM0IlMjBiYWNrZ3JvdW5kLWNvbG9yJTNBJTIwJTIzMDA4NWE3JTNCJTIwY29sb3IlM0ElMjB3aGl0ZSUzQiUyMHBhZGRpbmclM0ElMjAwLjhyZW0lMjAycmVtJTNCJTIwYm9yZGVyJTNBJTIwMHB4JTNCJTIwYm94LXNoYWRvdyUzQSUyMHJnYmElMjgwJTJDJTIwMCUyQyUyMDAlMkMlMjAwLjE1JTI5JTIwMHB4JTIwLTJweCUyMDBweCUyMGluc2V0JTNCJTIwYm9yZGVyLXJhZGl1cyUzQSUyMDI0cHglM0IlMjB0ZXh0LWRlY29yYXRpb24lM0ElMjBub25lJTNCJTIwZGlzcGxheSUzQSUyMGlubGluZS1ibG9jayUzQiUyMiUzRVJFU0VSVkVaJTIwVk9UUkUlMjBBVURJVCUyME1BSU5URU5BTlQlM0MlMkZhJTNFJTBBJTNDJTIxLS0lMjBzdGF0aWMlMjBidXR0b24lMjBlbmQlMjAtLSUzRQ==[\/vc_raw_html][vc_empty_space empty_h=&#8221;2&#8243;][vc_column_text]30 minutes, free[\/vc_column_text][vc_single_image media=&#8221;66171&#8243; media_width_percent=&#8221;100&#8243; media_ratio=&#8221;four-three&#8221;][\/vc_column][\/vc_row][vc_row row_height_percent=&#8221;0&#8243; back_color=&#8221;color-gyho&#8221; overlay_alpha=&#8221;50&#8243; gutter_size=&#8221;3&#8243; shift_y=&#8221;0&#8243;][vc_column column_width_percent=&#8221;100&#8243; align_horizontal=&#8221;align_center&#8221; overlay_alpha=&#8221;50&#8243; gutter_size=&#8221;3&#8243; desktop_visibility=&#8221;yes&#8221; medium_visibility=&#8221;yes&#8221; medium_width=&#8221;0&#8243; mobile_width=&#8221;0&#8243; shift_x=&#8221;0&#8243; shift_y=&#8221;0&#8243; z_index=&#8221;0&#8243; width=&#8221;1\/1&#8243;][\/vc_column][\/vc_row]<\/p>","protected":false},"excerpt":{"rendered":"<p>[vc_row row_height_percent=&#8221;0&#8243; override_padding=&#8221;yes&#8221; h_padding=&#8221;2&#8243; top_padding=&#8221;4&#8243; bottom_padding=&#8221;3&#8243; overlay_alpha=&#8221;100&#8243; gutter_size=&#8221;100&#8243; shift_y=&#8221;0&#8243; style=&#8221;inherited&#8221;][vc_column column_width_use_pixel=&#8221;yes&#8221; align_horizontal=&#8221;align_center&#8221; overlay_alpha=&#8221;50&#8243; gutter_size=&#8221;3&#8243; medium_width=&#8221;0&#8243; mobile_width=&#8221;0&#8243; shift_x=&#8221;0&#8243; shift_y=&#8221;0&#8243; z_index=&#8221;0&#8243; zoom_width=&#8221;0&#8243; [&hellip;]<\/p>\n","protected":false},"author":1,"featured_media":63732,"parent":0,"menu_order":0,"comment_status":"closed","ping_status":"closed","template":"","meta":{"content-type":"","footnotes":""},"aioseo_notices":[],"_links":{"self":[{"href":"https:\/\/www.octopusmarketing.fr\/en\/wp-json\/wp\/v2\/pages\/65891"}],"collection":[{"href":"https:\/\/www.octopusmarketing.fr\/en\/wp-json\/wp\/v2\/pages"}],"about":[{"href":"https:\/\/www.octopusmarketing.fr\/en\/wp-json\/wp\/v2\/types\/page"}],"author":[{"embeddable":true,"href":"https:\/\/www.octopusmarketing.fr\/en\/wp-json\/wp\/v2\/users\/1"}],"replies":[{"embeddable":true,"href":"https:\/\/www.octopusmarketing.fr\/en\/wp-json\/wp\/v2\/comments?post=65891"}],"version-history":[{"count":21,"href":"https:\/\/www.octopusmarketing.fr\/en\/wp-json\/wp\/v2\/pages\/65891\/revisions"}],"predecessor-version":[{"id":66211,"href":"https:\/\/www.octopusmarketing.fr\/en\/wp-json\/wp\/v2\/pages\/65891\/revisions\/66211"}],"wp:featuredmedia":[{"embeddable":true,"href":"https:\/\/www.octopusmarketing.fr\/en\/wp-json\/wp\/v2\/media\/63732"}],"wp:attachment":[{"href":"https:\/\/www.octopusmarketing.fr\/en\/wp-json\/wp\/v2\/media?parent=65891"}],"curies":[{"name":"wp","href":"https:\/\/api.w.org\/{rel}","templated":true}]}}